{"id":213,"date":"2008-07-25T17:57:19","date_gmt":"2008-07-25T14:57:19","guid":{"rendered":"http:\/\/raino.orav.ee\/?page_id=213"},"modified":"2020-09-14T14:38:15","modified_gmt":"2020-09-14T12:38:15","slug":"anu-veemees","status":"publish","type":"page","link":"https:\/\/orav.ee\/?page_id=213","title":{"rendered":"Anu Veemees"},"content":{"rendered":"\n<div class=\"wp-block-image is-style-default\"><figure class=\"alignright is-resized\"><a href=\"http:\/\/fotod.orav.ee\/anuveemees.jpg\" rel=\"lightbox[213]\"><img loading=\"lazy\" decoding=\"async\" src=\"http:\/\/fotod.orav.ee\/anuveemeessmall.jpg\" alt=\"\" width=\"230\" height=\"342\" title=\"Anu Veemees\"\/><\/a><\/figure><\/div>\n\n\n\n<p class=\"MsoNormal\" style=\"font-size:18px\">vanemad: <strong>MIHKEL VEEMEES<\/strong> ja <strong>LAINE VEEMEES<\/strong><\/p>\n\n\n\n<p class=\"MsoNormal\" style=\"font-size:18px\">\u00f5ed \/ vennad: <strong>KAIDI VEEMEES<\/strong><\/p>\n\n\n\n<p class=\"MsoNormal\" style=\"font-size:18px\">elukaaslane: <a style=\"font-size: 11px; font-weight: bold;\" title=\"Tarmo Orav\" href=\"http:\/\/www.orav.ee\/?page_id=184\">TARMO ORAV<\/a><\/p>\n\n\n\n<p class=\"MsoNormal\" style=\"font-size:18px\">lapsed: <a style=\"font-size: 11px; font-weight: bold;\" title=\"Ketriin Orav\" href=\"http:\/\/www.orav.ee\/?page_id=214\">KETRIIN ORAV<\/a> ja ELIISE ORAV<\/p>\n\n\n\n<p><\/p>\n\n\n\n<p class=\"has-text-align-left MsoNormal has-black-color has-text-color\"><strong><span style=\"font-family: Tahoma;\">Anu Veemees<\/span><\/strong><span style=\"font-family: Tahoma;\"> s\u00fcndis 25. septembril 1977, kell 19:45 Valgas, kus m\u00f6\u00f6dus ka tema lapsep\u00f5lv. Anu l\u00f5petas Valga G\u00fcmnaasiumi 1995. aastal. Edasi l\u00e4ks Anu \u00f5ppima P\u00e4rnu Majanduskooli panganduse eriala, mille l\u00f5petas 1998. aastal. Rakendusk\u00f5rghariduse omandas Anu Tartu \u00dclikooli P\u00e4rnu Kolled\u017eis, kus \u00f5ppis \u00e4rijuhtimise eriala, mille l\u00f5petas 2002. aastal. Anu t\u00f6\u00f6tas aastatel 1997-2007 Eesti \u00dchispangas tellerina. Antval Kinnisvara O\u00dc-s sekret\u00e4r- juhiabin<\/span>a. Alates aastast 2015 t\u00f6\u00f6tab P\u00e4rnu Haigalas \u00f5ena.<\/p>\n","protected":false},"excerpt":{"rendered":"<p>vanemad: MIHKEL VEEMEES ja LAINE VEEMEES \u00f5ed \/ vennad: KAIDI VEEMEES elukaaslane: TARMO ORAV lapsed: KETRIIN ORAV ja ELIISE ORAV Anu Veemees s\u00fcndis 25. septembril 1977, kell 19:45 Valgas, kus m\u00f6\u00f6dus ka tema lapsep\u00f5lv. Anu l\u00f5petas Valga G\u00fcmnaasiumi 1995. aastal. Edasi l\u00e4ks Anu \u00f5ppima P\u00e4rnu Majanduskooli panganduse eriala, mille l\u00f5petas 1998. aastal. Rakendusk\u00f5rghariduse omandas Anu&hellip;<a href=\"https:\/\/orav.ee\/?page_id=213\" class=\"button\">Read more <span class=\"screen-reader-text\">Anu Veemees<\/span><\/a><\/p>\n","protected":false},"author":1,"featured_media":0,"parent":23,"menu_order":0,"comment_status":"closed","ping_status":"open","template":"","meta":{"_acf_changed":false,"footnotes":""},"class_list":["post-213","page","type-page","status-publish","hentry"],"acf":[],"_links":{"self":[{"href":"https:\/\/orav.ee\/index.php?rest_route=\/wp\/v2\/pages\/213","targetHints":{"allow":["GET"]}}],"collection":[{"href":"https:\/\/orav.ee\/index.php?rest_route=\/wp\/v2\/pages"}],"about":[{"href":"https:\/\/orav.ee\/index.php?rest_route=\/wp\/v2\/types\/page"}],"author":[{"embeddable":true,"href":"https:\/\/orav.ee\/index.php?rest_route=\/wp\/v2\/users\/1"}],"replies":[{"embeddable":true,"href":"https:\/\/orav.ee\/index.php?rest_route=%2Fwp%2Fv2%2Fcomments&post=213"}],"version-history":[{"count":22,"href":"https:\/\/orav.ee\/index.php?rest_route=\/wp\/v2\/pages\/213\/revisions"}],"predecessor-version":[{"id":2992,"href":"https:\/\/orav.ee\/index.php?rest_route=\/wp\/v2\/pages\/213\/revisions\/2992"}],"up":[{"embeddable":true,"href":"https:\/\/orav.ee\/index.php?rest_route=\/wp\/v2\/pages\/23"}],"wp:attachment":[{"href":"https:\/\/orav.ee\/index.php?rest_route=%2Fwp%2Fv2%2Fmedia&parent=213"}],"curies":[{"name":"wp","href":"https:\/\/api.w.org\/{rel}","templated":true}]}}