{"id":210,"date":"2008-07-25T17:45:49","date_gmt":"2008-07-25T14:45:49","guid":{"rendered":"http:\/\/raino.orav.ee\/?page_id=210"},"modified":"2020-09-14T14:40:13","modified_gmt":"2020-09-14T12:40:13","slug":"kalle-orav","status":"publish","type":"page","link":"https:\/\/orav.ee\/?page_id=210","title":{"rendered":"Kalle Orav"},"content":{"rendered":"\n<div class=\"wp-block-image\"><figure class=\"alignright is-resized\"><a href=\"http:\/\/fotod.orav.ee\/kalleorav.jpg\" rel=\"lightbox[210]\"><img loading=\"lazy\" decoding=\"async\" src=\"http:\/\/fotod.orav.ee\/kalleoravsmall.jpg\" alt=\"\" width=\"230\" height=\"343\" title=\"Kalle Orav\"\/><\/a><\/figure><\/div>\n\n\n\n<p class=\"MsoNormal\">vanemad: <a style=\"font-size: 11px; font-weight: bold;\" title=\"Johannes Orav\" href=\"http:\/\/www.orav.ee\/?page_id=222\">JOHANNES ORAV<\/a> ja <a style=\"font-size: 11px; font-weight: bold;\" title=\"Miia Orav\" href=\"http:\/\/www.orav.ee\/?page_id=221\">MIIA ORAV<\/a><\/p>\n\n\n\n<p class=\"MsoNormal\">\u00f5ed \/ vennad: <strong>JAAN ORAV<\/strong>, <strong>ELGO ORAV<\/strong>, <strong>PILLE ORAV<\/strong>, <a style=\"font-size: 11px; font-weight: bold;\" title=\"Meeli Jakk\" href=\"http:\/\/www.orav.ee\/?page_id=215\">MEELI JAKK<\/a> ja <a style=\"font-size: 11px; font-weight: bold;\" title=\"Maaja Karjus\" href=\"http:\/\/www.orav.ee\/?page_id=241\">MAAJA KARJUS<\/a><\/p>\n\n\n\n<p class=\"MsoNormal\">abikaasa: <a style=\"font-size: 11px; font-weight: bold;\" title=\"Sirje Orav\" href=\"http:\/\/www.orav.ee\/?page_id=211\">SIRJE ORAV<\/a><\/p>\n\n\n\n<p class=\"MsoNormal\">lapsed: <a style=\"font-size: 11px; font-weight: bold;\" title=\"Tarmo Orav\" href=\"http:\/\/www.orav.ee\/?page_id=184\">TARMO ORAV<\/a>, <a style=\"font-size: 11px; font-weight: bold;\" title=\"Eero Orav\" href=\"http:\/\/www.orav.ee\/?page_id=1701\">EERO ORAV<\/a> ja <a style=\"font-size: 11px; font-weight: bold;\" title=\"Raino Orav\" href=\"http:\/\/www.orav.ee\/?page_id=171\">RAINO ORAV<\/a><\/p>\n\n\n\n<p class=\"MsoNormal\">kasulapsed (t\u00fcdrukud): <strong>RENATA JUKANEN, HILLE RIIN TOOMBERG<\/strong> ja <strong>URMI TOOMBERG<\/strong><\/p>\n\n\n\n<p class=\"MsoNormal\">kasulapsed (poisid): <strong>ANTON SKUROTOV<\/strong> ja <strong>TASUR UUK<\/strong><\/p>\n\n\n\n<p class=\"has-drop-cap MsoNormal\"><strong><span style=\"font-family: Tahoma;\">Kalle Orav (Tali)<\/span><\/strong><span style=\"font-family: Tahoma;\"> s\u00fcndis 5. oktoobril 1950. aastal H\u00e4\u00e4demeestel. Lapsep\u00f5lv m\u00f6\u00f6dus V\u00f5idus Sook\u00fclas vanaisa-vanaema juures. Kalle \u00f5ppis V\u00f5iduk\u00fcla algkoolis kuni viienda klassini. Seej\u00e4rel suundus \u00f5ppima Tihemetsa Tehnikumi, mille l\u00f5petas 1970. aastal. Veel sama aasta kevadel l\u00e4ks Kalle N\u00f5ukogude armeesse aega teenima. Kalle asus t\u00f6\u00f6le 1973. aastal H\u00e4\u00e4demeeste kolhoosis mehaanikuna, kus t\u00f6\u00f6tas 35 aastat, kuni 1997. aastani. Alates 1997. aasta s\u00fcgisest t\u00f6\u00f6tab Kalle AS Maxit\u2019is.<\/span><\/p>\n\n\n\n<p class=\"MsoNormal\"><span style=\"font-family: Tahoma;\">27. detsember 1975 aastal abiellus Kalle Sirje Tipse\u2019ga, perre s\u00fcndis kolm last: Tarmo (1976), Eero (1977) ja Raino (1985). Lisaks oma lastele on Sirje ja Kalle \u00fcle k\u00fcmne aasta pakkunud kodusoojust kasulastele. Kaheksak\u00fcmnendatel ehitas Kalle H\u00e4\u00e4demeestel P\u00e4rnu maantee 1 asuvast vanast majast enda perele uue kodu, kus pere ka t\u00e4na elab.<\/span><\/p>\n\n\n\n<p class=\"MsoNormal\"><span style=\"font-family: Tahoma;\">&nbsp;<\/span><\/p>\n","protected":false},"excerpt":{"rendered":"<p>vanemad: JOHANNES ORAV ja MIIA ORAV \u00f5ed \/ vennad: JAAN ORAV, ELGO ORAV, PILLE ORAV, MEELI JAKK ja MAAJA KARJUS abikaasa: SIRJE ORAV lapsed: TARMO ORAV, EERO ORAV ja RAINO ORAV kasulapsed (t\u00fcdrukud): RENATA JUKANEN, HILLE RIIN TOOMBERG ja URMI TOOMBERG kasulapsed (poisid): ANTON SKUROTOV ja TASUR UUK Kalle Orav (Tali) s\u00fcndis 5. oktoobril 1950.&hellip;<a href=\"https:\/\/orav.ee\/?page_id=210\" class=\"button\">Read more <span class=\"screen-reader-text\">Kalle Orav<\/span><\/a><\/p>\n","protected":false},"author":1,"featured_media":0,"parent":23,"menu_order":0,"comment_status":"closed","ping_status":"open","template":"","meta":{"_acf_changed":false,"footnotes":""},"class_list":["post-210","page","type-page","status-publish","hentry"],"acf":[],"_links":{"self":[{"href":"https:\/\/orav.ee\/index.php?rest_route=\/wp\/v2\/pages\/210","targetHints":{"allow":["GET"]}}],"collection":[{"href":"https:\/\/orav.ee\/index.php?rest_route=\/wp\/v2\/pages"}],"about":[{"href":"https:\/\/orav.ee\/index.php?rest_route=\/wp\/v2\/types\/page"}],"author":[{"embeddable":true,"href":"https:\/\/orav.ee\/index.php?rest_route=\/wp\/v2\/users\/1"}],"replies":[{"embeddable":true,"href":"https:\/\/orav.ee\/index.php?rest_route=%2Fwp%2Fv2%2Fcomments&post=210"}],"version-history":[{"count":11,"href":"https:\/\/orav.ee\/index.php?rest_route=\/wp\/v2\/pages\/210\/revisions"}],"predecessor-version":[{"id":2993,"href":"https:\/\/orav.ee\/index.php?rest_route=\/wp\/v2\/pages\/210\/revisions\/2993"}],"up":[{"embeddable":true,"href":"https:\/\/orav.ee\/index.php?rest_route=\/wp\/v2\/pages\/23"}],"wp:attachment":[{"href":"https:\/\/orav.ee\/index.php?rest_route=%2Fwp%2Fv2%2Fmedia&parent=210"}],"curies":[{"name":"wp","href":"https:\/\/api.w.org\/{rel}","templated":true}]}}