{"id":184,"date":"2008-07-25T13:08:20","date_gmt":"2008-07-25T10:08:20","guid":{"rendered":"http:\/\/raino.orav.ee\/?page_id=184"},"modified":"2016-04-11T08:01:59","modified_gmt":"2016-04-11T06:01:59","slug":"tarmo-orav","status":"publish","type":"page","link":"https:\/\/orav.ee\/?page_id=184","title":{"rendered":"tarmo orav"},"content":{"rendered":"<p class=\"MsoNormal\" style=\"text-align: justify; line-height: 50%;\">\n<p class=\"MsoNormal\" style=\"text-align: justify; line-height: 50%;\">vanemad: <a style=\"font-size: 11px; font-weight: bold;\" title=\"Sirje Orav\" href=\"http:\/\/www.orav.ee\/?page_id=211\">SIRJE ORAV<\/a> ja <a style=\"font-size: 11px; font-weight: bold;\" title=\"Kalle Orav\" href=\"http:\/\/www.orav.ee\/?page_id=210\">KALLE ORAV<\/a><\/p>\n<p class=\"MsoNormal\" style=\"text-align: justify; line-height: 50%;\">\u00f5ed | vennad: <a style=\"font-size: 11px; font-weight: bold;\" title=\"Eero Orav\" href=\"http:\/\/www.orav.ee\/?page_id=1701\">EERO ORAV<\/a> ja <a style=\"font-size: 11px; font-weight: bold;\" title=\"Raino Orav\" href=\"http:\/\/www.orav.ee\/?page_id=171\">RAINO ORAV<\/a><\/p>\n<p class=\"MsoNormal\" style=\"text-align: justify; line-height: 50%;\">elukaaslane: <a style=\"font-size: 11px; font-weight: bold;\" title=\"Anu Veemees\" href=\"http:\/\/www.orav.ee\/?page_id=213\">ANU VEEMEES<\/a><\/p>\n<p class=\"MsoNormal\" style=\"text-align: justify; line-height: 50%;\">lapsed: <a style=\"font-size: 11px; font-weight: bold;\" title=\"Ketriin Orav\" href=\"http:\/\/www.orav.ee\/?page_id=214\">KETRIIN ORAV<\/a><\/p>\n<p class=\"MsoNormal\" style=\"text-align: justify; line-height: 50%;\">kasu\u00f5ed: <strong>RENATA JUKANEN, HILLE RIIN TOOMBERG<\/strong> ja <strong>URMI TOOMBERG<\/strong><\/p>\n<p class=\"MsoNormal\" style=\"text-align: justify; line-height: 50%;\">kasuvennad: <strong>ANTON SKUROTOV<\/strong> ja <strong>TASUR UUK<\/strong><\/p>\n<p class=\"MsoNormal\" style=\"text-align: justify; line-height: 150%;\"><strong><span style=\"font-family: Tahoma;\">Tarmo Orav<\/span><\/strong><span style=\"font-family: Tahoma;\"> s\u00fcndis 6. aprillil 1976. aastal P\u00e4rnus. Lapsep\u00f5lv m\u00f6\u00f6dus H\u00e4\u00e4demeestel, algul H\u00e4\u00e4demeeste s\u00fcdames kahekordses korterelamus, hiljem oma majas P\u00e4rnu maantee alguses.<\/span><\/p>\n<p class=\"MsoNormal\" style=\"text-align: justify; line-height: 150%;\"><span style=\"font-family: Tahoma;\">Tarmo l\u00f5petas H\u00e4\u00e4demeeste Keskkoolis 8 klassi ja l\u00e4ks \u00f5ppima P\u00e4rnu 13. Kutsekeskkooli m\u00f6\u00f6blitisleri erialale (1992 \u2013 1995). 1995 \u2013 1996 teenis Tarmo Kalevi \u00dcksik-Jalav\u00e4epataljonis Eesti Vabariiki. S\u00f5jav\u00e4est naastes asus Tarmo \u00f5ppima Paikuse Politseikooli, kust 1998. aastal omandas politsei vanemametniku kvalifikatsiooni. S\u00fcgisel 2004 alustas Tarmo k\u00f5rgharidus\u00f5pinguid Sisekaitseakadeemia Politseikolled\u017eis Tallinnas. L\u00f5pupidu toimus Vene Draamateatris 2008 aastal. <\/span><\/p>\n<p class=\"MsoNormal\" style=\"text-align: justify; line-height: 150%;\"><span style=\"font-family: Tahoma;\">Aastatel 1998 \u2013 2003 t\u00f6\u00f6tas Tarmo P\u00e4rnu Politseiprefektuuri Sindi konstaablijaoskonna Paikuse konstaablina. Alates 2003. aasast t\u00f6\u00f6tab Tarmo Paikusel Sisekaitseakadeemia Politseikolled\u017eis, algul \u00f5ppepataljoni juhtivinspektorina, alates 2007. aastast komissarina. Tarmo \u00fclesandeks on koolis sisekorra tagamine ja kadettide distsipliiniharjumuste kujundamine. Tarmo elab Paikusel koos elukaaslase Anuga. Peres kasvab t\u00fctar Ketriin (2005).<\/span><\/p>\n<p class=\"MsoNormal\" style=\"text-align: justify; line-height: 150%;\"><a title=\"Tarmo Orav\" href=\"http:\/\/fotod.orav.ee\/tarmoorav.jpg\" rel=\"lightbox[184]\"><img loading=\"lazy\" decoding=\"async\" class=\"alignright\" style=\"border: 1px solid black; margin-top: 20px; margin-bottom: 20px;\" title=\"Tarmo Orav\" src=\"http:\/\/fotod.orav.ee\/tarmooravsmall.jpg\" alt=\"\" width=\"242\" height=\"166\" align=\"right\" border=\"1\" vspace=\"20\" \/><\/a><\/p>\n","protected":false},"excerpt":{"rendered":"<p>vanemad: SIRJE ORAV ja KALLE ORAV \u00f5ed | vennad: EERO ORAV ja RAINO ORAV elukaaslane: ANU VEEMEES lapsed: KETRIIN ORAV kasu\u00f5ed: RENATA JUKANEN, HILLE RIIN TOOMBERG ja URMI TOOMBERG kasuvennad: ANTON SKUROTOV ja TASUR UUK Tarmo Orav s\u00fcndis 6. aprillil 1976. aastal P\u00e4rnus. Lapsep\u00f5lv m\u00f6\u00f6dus H\u00e4\u00e4demeestel, algul H\u00e4\u00e4demeeste s\u00fcdames kahekordses korterelamus, hiljem oma majas P\u00e4rnu&hellip;<a href=\"https:\/\/orav.ee\/?page_id=184\" class=\"button\">Read more <span class=\"screen-reader-text\">tarmo orav<\/span><\/a><\/p>\n","protected":false},"author":1,"featured_media":0,"parent":23,"menu_order":0,"comment_status":"closed","ping_status":"closed","template":"","meta":{"_acf_changed":false,"footnotes":""},"class_list":["post-184","page","type-page","status-publish","hentry"],"acf":[],"_links":{"self":[{"href":"https:\/\/orav.ee\/index.php?rest_route=\/wp\/v2\/pages\/184","targetHints":{"allow":["GET"]}}],"collection":[{"href":"https:\/\/orav.ee\/index.php?rest_route=\/wp\/v2\/pages"}],"about":[{"href":"https:\/\/orav.ee\/index.php?rest_route=\/wp\/v2\/types\/page"}],"author":[{"embeddable":true,"href":"https:\/\/orav.ee\/index.php?rest_route=\/wp\/v2\/users\/1"}],"replies":[{"embeddable":true,"href":"https:\/\/orav.ee\/index.php?rest_route=%2Fwp%2Fv2%2Fcomments&post=184"}],"version-history":[{"count":28,"href":"https:\/\/orav.ee\/index.php?rest_route=\/wp\/v2\/pages\/184\/revisions"}],"predecessor-version":[{"id":2885,"href":"https:\/\/orav.ee\/index.php?rest_route=\/wp\/v2\/pages\/184\/revisions\/2885"}],"up":[{"embeddable":true,"href":"https:\/\/orav.ee\/index.php?rest_route=\/wp\/v2\/pages\/23"}],"wp:attachment":[{"href":"https:\/\/orav.ee\/index.php?rest_route=%2Fwp%2Fv2%2Fmedia&parent=184"}],"curies":[{"name":"wp","href":"https:\/\/api.w.org\/{rel}","templated":true}]}}