{"id":171,"date":"2008-07-25T12:35:59","date_gmt":"2008-07-25T09:35:59","guid":{"rendered":"http:\/\/raino.orav.ee\/?page_id=171"},"modified":"2015-03-08T21:47:39","modified_gmt":"2015-03-08T19:47:39","slug":"raino-orav","status":"publish","type":"page","link":"https:\/\/orav.ee\/?page_id=171","title":{"rendered":"raino orav"},"content":{"rendered":"<p class=\"MsoNormal\" style=\"text-align: justify; line-height: 50%;\">\n<p class=\"MsoNormal\" style=\"text-align: justify; line-height: 50%;\">vanemad: <a style=\"font-size: 11px; font-weight: bold;\" title=\"Sirje Orav\" href=\"http:\/\/www.orav.ee\/?page_id=211\">SIRJE ORAV<\/a> ja <a style=\"font-size: 11px; font-weight: bold;\" title=\"Kalle Orav\" href=\"http:\/\/www.orav.ee\/?page_id=210\">KALLE ORAV<\/a><\/p>\n<p class=\"MsoNormal\" style=\"text-align: justify; line-height: 50%;\">\u00f5ed | vennad: <strong><a style=\"font-size: 11px;\" title=\"Tarmo Orav\" href=\"http:\/\/www.orav.ee\/?page_id=184\">TARMO ORAV<\/a><\/strong> ja <strong><a style=\"font-size: 11px;\" title=\"Eero Orav\" href=\"http:\/\/www.orav.ee\/?page_id=1701\">EERO ORAV<\/a><\/strong><\/p>\n<p class=\"MsoNormal\" style=\"text-align: justify; line-height: 50%;\">kasu\u00f5ed: <strong>RENATA JUKANEN, HILLE RIIN TOOMBERG<\/strong> ja <strong>URMI TOOMBERG<\/strong><\/p>\n<p class=\"MsoNormal\" style=\"text-align: justify; line-height: 50%;\">kasuvennad: <strong>ANTON SKUROTOV<\/strong> ja <strong>TASUR UUK<\/strong><\/p>\n<p class=\"MsoNormal\" style=\"text-align: justify; line-height: 150%;\">\n<p class=\"MsoNormal\" style=\"text-align: justify; line-height: 150%;\"><strong><span style=\"font-family: Tahoma;\">Raino Orav<\/span><\/strong><span style=\"font-family: Tahoma;\"> s\u00fcndis 27. m\u00e4rtsil 1985 aastal P\u00e4rnus, kell\u00a0<\/span><span style=\"font-family: Tahoma;\">17:36. Lapsep\u00f5lv m\u00f6\u00f6dus H\u00e4\u00e4demeestel. <\/span><span style=\"font-family: Tahoma;\">Aastatel 1991 \u2013 2000 <\/span><span style=\"font-family: Tahoma;\">\u00f5ppis ta H\u00e4\u00e4demeeste Keskkoolis, P\u00e4rnu Kutsehariduskeskusesse asus \u00f5ppima 2000 aastal, kus ta l\u00f5petas koka eriala 2003 aastal <\/span><span style=\"font-family: Tahoma;\">kiitusega tublide \u00f5pitulemuste eest<\/span><span style=\"font-family: Tahoma;\">. L\u00f5put\u00f6\u00f6 236 lehek\u00fclge kirjutas juustust.<\/span><\/p>\n<p class=\"MsoNormal\" style=\"text-align: justify; line-height: 150%;\"><span style=\"font-family: Tahoma;\">Edasi asus \u00f5ppima ta Tallinna Pol\u00fctehnikumi (2003 \u2013 2005), kus omandas infotehnoloogia eriala ja l\u00f5put\u00f6\u00f6 teemaks valis fotode arhiveerimise. Lisaks on Raino \u00f5ppinud Martin Ilvese nimelises (M.I.) Massaa\u017eikoolis.<\/span><\/p>\n<p class=\"MsoNormal\" style=\"text-align: justify; line-height: 150%;\"><span style=\"font-family: Tahoma;\">Koolipraktikate k\u00e4igus on Raino praktiseerinud P\u00e4rnus kiirtoidurestoranis &#8220;Tarapita&#8221;, parvlaeval &#8220;Baltic Kristina&#8221;, Ungari restoranis &#8220;Lahke Madjar&#8221; ja lisaks teinud s\u00fc\u00fca pulmades, kokkutulekutel ja s\u00fcnnip\u00e4evadel. Praktilisi teadmisi Infotehnoloogia valdkonnas omandas ta P\u00e4rnu Haiglas ja Paikuse Politseikoolis. Alates 2003 aastast elab ja t\u00f6\u00f6tab Raino Tallinnas. <\/span><\/p>\n<p class=\"MsoNormal\" style=\"text-align: justify; line-height: 150%;\"><span style=\"font-family: Tahoma;\">Raino on positiivse ellusuhtumisega noormees. Alati olnud \u00fcks organiseerijatest ja eestvedajatest. Tantsides teeb silmad ette paljudele, kuna noorena tegeles peotantsuga. Peale selle meeldib talle \u00fcritusi korraldada ja neid l\u00e4bi viia, tegeleda filmimise, fotograafia ja arvutiga, metsas ja m\u00e4gedes jalgrattaga s\u00f5ita. Raino on aktiivne <strong><span style=\"text-decoration: underline;\"><a title=\"kes on aferees- doonor\" href=\"http:\/\/www.orav.ee\/?page_id=181\">aferees- doonor<\/a><\/span><\/strong>, kes on andnud plasmat <strong>60 korda<\/strong>. Samuti on ta suureks eeskujuks noortele, sest ta ei suitseta ja ei tarvita alkoholi. Raino on \u00fcles astunud mitmetel moe\u00fcritustel modellina. Aastatel 2007 &#8211; 2009 oli firmabr\u00e4nd <strong>GOWRI<\/strong> esindusn\u00e4gu. Raino \u00fctleb, et on iseenda peremees, ja tal on alati olemas asjade kohta oma arvamus. Eks temalgi pidavat olema omad miinused, neid ta aga siinkohal \u00fcles lugema ei hakka, vaid \u00fctleb, et negatiivsed k\u00fcljed peab iga\u00fcks temas ise\u00a0leidma.<\/span><\/p>\n<p class=\"MsoNormal\" style=\"text-align: justify; line-height: 150%;\"><span style=\"font-family: Tahoma;\"><strong>Kuna Raino elab pidevalt peokorralduse lainel, siis saigi \u00fche peo raames Viljandi inimesi natukene l\u00f5bustatud. Raino koos paarilisega t\u00f5mbasid selga j\u00e4nese kost\u00fc\u00fcmid ja seadsid sammud kohalikku Selverisse. Seda, mis seal toimuma hakkas, on raske kuidagi s\u00f5nadega edasi anda. \u201eJ\u00e4nkud\u201c suutsid nii turvamehed, vorstileti m\u00fc\u00fcjad kui ka kassapidajad tantsima panna, samuti tekitada kaupluse k\u00fclastajates \u00fcksjagu r\u00f5\u00f5msat elevust. K\u00f5igele lisaks said l\u00f5busad \u201ej\u00e4nkud\u201c ka kohaliku ajalehe esikaanele. Vaata fotosid <a href=\"http:\/\/album.orav.ee\/thumbnails.php?album=80\" target=\"_blank\">orav.ee fotoalbumist.<\/a><br \/>\n<\/strong><\/span><\/p>\n<p class=\"MsoNormal\" style=\"text-align: justify; line-height: 150%;\"><span style=\"font-family: Tahoma;\"><strong>\u00dchel 2006 aasta \u00f5htul, mil Raino ja Tema \u00f5htujuhist paariline otsustasid minna Tallinna klubisse tantsima, sai alguse \u00fcks meeldej\u00e4\u00e4vaim \u00f5htu nende elus. Nimelt terve \u00f5htu oli lava ja p\u00f5rand nende p\u00e4ralt. Keerutati nii, et kogu rahvas k\u00e4is ja kiitis kui h\u00e4sti nad tantsida oskavad. Loomulikult ei saanud siis rahvale edasi v\u00e4hem showd pakkuda ja tantsukavva sai v\u00f5etud ka s\u00fclleh\u00fcpped. Kuid oh \u00fcllatust, kui peale paari h\u00fcpet kaaslase rinnahoidjad tagant katki l\u00e4ksid. Nalja kui palju, kuid rahvas ju vaatab. Mis teha! Sai siis mindud koos naiste WC-sse ja s\u00f5lmitud tantsupartneri rinnahoidjad kolme tugeva s\u00f5lmega kinni. \u00d5htu j\u00e4tkus hoogsas tempos, kuni j\u00f5uti koju ja oli vaja rinnahoidjad \u00e4ra v\u00f5tta. Aga kus sa v\u00f5tad, kui mitu s\u00f5lme peale t\u00f5mmatud. Nii saigi v\u00f5etud k\u00e4\u00e4rid ja l\u00f5igatud uued rinnahoidjad lihtsalt katki. M\u00e4lestus, mis kestab igavesti.<\/strong><\/span><\/p>\n<p class=\"MsoNormal\" style=\"text-align: justify; line-height: 150%;\"><span style=\"font-family: Tahoma;\">Mis on aga minu s\u00f5num Teile, kallid sugulased ja l\u00e4hedased inimesed. \u00c4rgake \u00fchel hommikul varem. Ilm on hommikuti palju positiivsem &#8211; minge v\u00e4lja ja hingake sisse seda imelist \u00f5hku. Minu jaoks on hommikune \u00e4rkamine, kui s\u00fcnnip\u00e4evakingitus, sest iga p\u00e4ev saan ma ju kingituseks veel \u00fche p\u00e4eva. Ja neid p\u00e4evi on n\u00fc\u00fcdseks kogunenud p\u00e4ris palju. Tundke seda r\u00f5\u00f5mu ja \u00f5nne igast p\u00e4evast, sest sel p\u00e4eval kui Te ei \u00e4rka, on elu<\/span><span style=\"font-family: Tahoma;\"> l\u00e4bi. Elu peab t\u00e4itma r\u00f5\u00f5muga.<\/span><\/p>\n<p><a title=\"Raino Orav\" href=\"http:\/\/fotod.orav.ee\/rainoorav.jpg\" rel=\"lightbox[171]\"><img loading=\"lazy\" decoding=\"async\" style=\"border: 1px solid black; margin-top: 20px; margin-bottom: 20px;\" title=\"Raino Orav\" src=\"http:\/\/fotod.orav.ee\/rainooravsmall.jpg\" alt=\"\" width=\"166\" height=\"242\" align=\"right\" border=\"1\" vspace=\"20\" \/><\/a><\/p>\n","protected":false},"excerpt":{"rendered":"<p>vanemad: SIRJE ORAV ja KALLE ORAV \u00f5ed | vennad: TARMO ORAV ja EERO ORAV kasu\u00f5ed: RENATA JUKANEN, HILLE RIIN TOOMBERG ja URMI TOOMBERG kasuvennad: ANTON SKUROTOV ja TASUR UUK Raino Orav s\u00fcndis 27. m\u00e4rtsil 1985 aastal P\u00e4rnus, kell\u00a017:36. Lapsep\u00f5lv m\u00f6\u00f6dus H\u00e4\u00e4demeestel. Aastatel 1991 \u2013 2000 \u00f5ppis ta H\u00e4\u00e4demeeste Keskkoolis, P\u00e4rnu Kutsehariduskeskusesse asus \u00f5ppima 2000 aastal,&hellip;<a href=\"https:\/\/orav.ee\/?page_id=171\" class=\"button\">Read more <span class=\"screen-reader-text\">raino orav<\/span><\/a><\/p>\n","protected":false},"author":1,"featured_media":0,"parent":23,"menu_order":1,"comment_status":"open","ping_status":"open","template":"","meta":{"_acf_changed":false,"footnotes":""},"class_list":["post-171","page","type-page","status-publish","hentry"],"acf":[],"_links":{"self":[{"href":"https:\/\/orav.ee\/index.php?rest_route=\/wp\/v2\/pages\/171","targetHints":{"allow":["GET"]}}],"collection":[{"href":"https:\/\/orav.ee\/index.php?rest_route=\/wp\/v2\/pages"}],"about":[{"href":"https:\/\/orav.ee\/index.php?rest_route=\/wp\/v2\/types\/page"}],"author":[{"embeddable":true,"href":"https:\/\/orav.ee\/index.php?rest_route=\/wp\/v2\/users\/1"}],"replies":[{"embeddable":true,"href":"https:\/\/orav.ee\/index.php?rest_route=%2Fwp%2Fv2%2Fcomments&post=171"}],"version-history":[{"count":42,"href":"https:\/\/orav.ee\/index.php?rest_route=\/wp\/v2\/pages\/171\/revisions"}],"predecessor-version":[{"id":2774,"href":"https:\/\/orav.ee\/index.php?rest_route=\/wp\/v2\/pages\/171\/revisions\/2774"}],"up":[{"embeddable":true,"href":"https:\/\/orav.ee\/index.php?rest_route=\/wp\/v2\/pages\/23"}],"wp:attachment":[{"href":"https:\/\/orav.ee\/index.php?rest_route=%2Fwp%2Fv2%2Fmedia&parent=171"}],"curies":[{"name":"wp","href":"https:\/\/api.w.org\/{rel}","templated":true}]}}