{"id":143,"date":"2008-07-25T01:55:17","date_gmt":"2008-07-24T23:55:17","guid":{"rendered":"http:\/\/raino.orav.ee\/?page_id=143"},"modified":"2026-01-19T20:01:34","modified_gmt":"2026-01-19T18:01:34","slug":"jaanuar-sudakuu","status":"publish","type":"page","link":"https:\/\/orav.ee\/?page_id=143","title":{"rendered":"jaanuar | s\u00fcdakuu"},"content":{"rendered":"\n<style>\n.family-dates {\n  max-width: 700px;\n  font-family: Georgia, \"Times New Roman\", serif;\n}\n\n.family-dates h2 {\n  font-size: 1.4em;\n  margin: 2em 0 0.8em;\n  padding-bottom: 0.3em;\n  border-bottom: 1px solid #ccc;\n}\n\n.family-dates ul {\n  list-style: none;\n  padding: 0;\n  margin: 0;\n}\n\n.family-dates li {\n  display: flex;\n  justify-content: space-between;\n  padding: 0.4em 0;\n  border-bottom: 1px dotted #bbb;\n}\n\n.family-dates li:last-child {\n  border-bottom: none;\n}\n\n.family-dates .name {\n  font-weight: bold;\n}\n\n.family-dates .name a {\n  color: #000;\n  text-decoration: none;\n}\n\n.family-dates .name a:hover {\n  text-decoration: underline;\n}\n\n.family-dates .date {\n  font-style: italic;\n  color: #555;\n  white-space: nowrap;\n}\n<\/style>\n\n<div class=\"family-dates\">\n\n  <h2>Pulma-aastap\u00e4evad<\/h2>\n  <ul>\n    <li>\n      <span class=\"name\">Janno ja Tiia Randpere<\/span>\n      <span class=\"date\">21. jaanuar 1995<\/span>\n    <\/li>\n    <li>\n      <span class=\"name\">Jaan ja \u00dclle Tali<\/span>\n      <span class=\"date\">25. jaanuar 1989<\/span>\n    <\/li>\n  <\/ul>\n\n  <h2>S\u00fcnnip\u00e4evad<\/h2>\n  <ul>\n    <li>\n      <span class=\"name\">\n        <a href=\"http:\/\/www.orav.ee\/?page_id=230\">Merike Muldmaa<\/a>\n      <\/span>\n      <span class=\"date\">13. jaanuar 1975<\/span>\n    <\/li>\n    <li>\n      <span class=\"name\">Luise Tipse<\/span>\n      <span class=\"date\">19. jaanuar 1943<\/span>\n    <\/li>\n    <li>\n      <span class=\"name\">\n        <a href=\"http:\/\/www.orav.ee\/?page_id=301\">Jaan Tali<\/a>\n      <\/span>\n      <span class=\"date\">27. jaanuar 1942<\/span>\n    <\/li>\n    <li>\n      <span class=\"name\">\n        <a href=\"http:\/\/www.orav.ee\/?page_id=244\">Annika Lepik<\/a>\n      <\/span>\n      <span class=\"date\">28. jaanuar 1980 \u00b7 10:45<\/span>\n    <\/li>\n  <\/ul>\n\n  <h2>Nimep\u00e4evad<\/h2>\n  <ul>\n    <li>\n      <span class=\"name\">\n        <a href=\"http:\/\/www.orav.ee\/?page_id=245\">Velvo Lepik<\/a>\n      <\/span>\n      <span class=\"date\">9. jaanuar<\/span>\n    <\/li>\n    <li>\n      <span class=\"name\">\n        <a href=\"http:\/\/www.orav.ee\/?page_id=252\">Heiki Randma<\/a>\n      <\/span>\n      <span class=\"date\">19. jaanuar<\/span>\n    <\/li>\n    <li>\n      <span class=\"name\">\n        <a href=\"http:\/\/www.orav.ee\/?page_id=210\">Kalle Orav<\/a>\n      <\/span>\n      <span class=\"date\">28. jaanuar<\/span>\n    <\/li>\n  <\/ul>\n\n<\/div>\n\n","protected":false},"excerpt":{"rendered":"<p>Pulma-aastap\u00e4evad Janno ja Tiia Randpere 21. jaanuar 1995 Jaan ja \u00dclle Tali 25. jaanuar 1989 S\u00fcnnip\u00e4evad Merike Muldmaa 13. jaanuar 1975 Luise Tipse 19. jaanuar 1943 Jaan Tali 27. jaanuar 1942 Annika Lepik 28. jaanuar 1980 \u00b7 10:45 Nimep\u00e4evad Velvo Lepik 9. jaanuar Heiki Randma 19. jaanuar Kalle Orav 28. jaanuar<\/p>\n","protected":false},"author":1,"featured_media":0,"parent":278,"menu_order":1,"comment_status":"closed","ping_status":"closed","template":"","meta":{"_acf_changed":false,"footnotes":""},"class_list":["post-143","page","type-page","status-publish","hentry"],"acf":[],"_links":{"self":[{"href":"https:\/\/orav.ee\/index.php?rest_route=\/wp\/v2\/pages\/143","targetHints":{"allow":["GET"]}}],"collection":[{"href":"https:\/\/orav.ee\/index.php?rest_route=\/wp\/v2\/pages"}],"about":[{"href":"https:\/\/orav.ee\/index.php?rest_route=\/wp\/v2\/types\/page"}],"author":[{"embeddable":true,"href":"https:\/\/orav.ee\/index.php?rest_route=\/wp\/v2\/users\/1"}],"replies":[{"embeddable":true,"href":"https:\/\/orav.ee\/index.php?rest_route=%2Fwp%2Fv2%2Fcomments&post=143"}],"version-history":[{"count":22,"href":"https:\/\/orav.ee\/index.php?rest_route=\/wp\/v2\/pages\/143\/revisions"}],"predecessor-version":[{"id":3143,"href":"https:\/\/orav.ee\/index.php?rest_route=\/wp\/v2\/pages\/143\/revisions\/3143"}],"up":[{"embeddable":true,"href":"https:\/\/orav.ee\/index.php?rest_route=\/wp\/v2\/pages\/278"}],"wp:attachment":[{"href":"https:\/\/orav.ee\/index.php?rest_route=%2Fwp%2Fv2%2Fmedia&parent=143"}],"curies":[{"name":"wp","href":"https:\/\/api.w.org\/{rel}","templated":true}]}}